{"id":1026,"date":"2024-10-18T20:01:53","date_gmt":"2024-10-18T18:01:53","guid":{"rendered":"https:\/\/autoreg.io\/?page_id=1026"},"modified":"2024-10-18T20:22:40","modified_gmt":"2024-10-18T18:22:40","slug":"livekart","status":"publish","type":"page","link":"https:\/\/autoreg.io\/sv\/planleggingsmodul\/livekart\/","title":{"rendered":"Livekart"},"content":{"rendered":"<section class=\"bde-section-1026-101 bde-section\">\n  \n  \n\t\n\n\n\n<div class=\"section-container\"><div class=\"bde-columns-1026-102 bde-columns\"><div class=\"bde-column-1026-103 bde-column\">\n  \n  \n\t\n\n\n\n<h2 class=\"bde-heading-1026-104 bde-heading\">\nLivekart\n<\/h2><div class=\"bde-rich-text-1026-105 bde-rich-text breakdance-rich-text-styles\">\n<p>Med Livekart kan du f\u00f8lge sj\u00e5f\u00f8renes posisjon og fremdrift i sanntid, noe som gir full oversikt over oppgaver og optimaliserer ressursbruken. Dette gir deg umiddelbar innsikt for bedre beslutninger og mer effektiv styring av mannskap.<\/p>\n<\/div>\n<\/div><div class=\"bde-column-1026-106 bde-column\">\n  \n  \n\t\n\n\n\n\n<\/div><\/div><\/div>\n<\/section><section class=\"bde-section-1026-107 bde-section\">\n  \n  \n\t\n\n\n\n<div class=\"section-container\"><div class=\"bde-video-1026-109 bde-video\">\n<div class=\"ee-video-container\">\n            <video class=\"ee-video\" src=\"https:\/\/autoreg.io\/wp-content\/uploads\/2024\/10\/mockrocket-export-11-1.mp4\"\n               autoplay='true'                controls='true'                                loop='true'                muted='true'                controlslist=\"nodownload\"                playsinline\n>\n        <\/video>\n    \n    <\/div>\n\n<\/div><\/div>\n<\/section><section class=\"bde-section-1026-110 bde-section\">\n  \n  \n\t\n\n\n\n<div class=\"section-container\"><div class=\"bde-columns-1026-111 bde-columns\"><div class=\"bde-column-1026-112 bde-column\">\n  \n  \n\t\n\n\n\n<div class=\"bde-image-1026-113 bde-image\">\n<figure class=\"breakdance-image breakdance-image--1034\">\n\t<div class=\"breakdance-image-container\">\n\t\t<div class=\"breakdance-image-clip\"><img loading=\"lazy\" decoding=\"async\" class=\"breakdance-image-object\" src=\"https:\/\/autoreg.io\/wp-content\/uploads\/2024\/10\/Skjermbilde-2024-10-18-kl.-20.09.47.png\" width=\"524\" height=\"316\" srcset=\"https:\/\/autoreg.io\/wp-content\/uploads\/2024\/10\/Skjermbilde-2024-10-18-kl.-20.09.47.png 524w, https:\/\/autoreg.io\/wp-content\/uploads\/2024\/10\/Skjermbilde-2024-10-18-kl.-20.09.47-300x181.png 300w, https:\/\/autoreg.io\/wp-content\/uploads\/2024\/10\/Skjermbilde-2024-10-18-kl.-20.09.47-18x12.png 18w\" sizes=\"auto, (max-width: 524px) 100vw, 524px\"><\/div>\n\t<\/div><\/figure>\n\n<\/div>\n<\/div><div class=\"bde-column-1026-114 bde-column\">\n  \n  \n\t\n\n\n\n<div class=\"bde-checkmark-list-1026-115 bde-checkmark-list\">\n<ul>\n  \n              \n              \n    <li>\n      <span class='bde-checkmark-list__icon bde-checkmark-list__icon_yes  bg-yes'>\n                  <svg xmlns=\"http:\/\/www.w3.org\/2000\/svg\" viewbox=\"0 0 24 24\"><path d=\"M18.71,7.21a1,1,0,0,0-1.42,0L9.84,14.67,6.71,11.53A1,1,0,1,0,5.29,13l3.84,3.84a1,1,0,0,0,1.42,0l8.16-8.16A1,1,0,0,0,18.71,7.21Z\"\/><\/svg>\n              <\/span>\n      <div >\n        Se sj\u00e5f\u00f8rene i kartet\n      <\/div>\n\n    <\/li>\n\n  \n              \n              \n    <li>\n      <span class='bde-checkmark-list__icon bde-checkmark-list__icon_yes  bg-yes'>\n                  <svg xmlns=\"http:\/\/www.w3.org\/2000\/svg\" viewbox=\"0 0 24 24\"><path d=\"M18.71,7.21a1,1,0,0,0-1.42,0L9.84,14.67,6.71,11.53A1,1,0,1,0,5.29,13l3.84,3.84a1,1,0,0,0,1.42,0l8.16-8.16A1,1,0,0,0,18.71,7.21Z\"\/><\/svg>\n              <\/span>\n      <div >\n        Fargekoder for \u00e5 vise hva som arbeides med, og n\u00e5r en oppgave ble fullf\u00f8rt\n      <\/div>\n\n    <\/li>\n\n  \n              \n              \n    <li>\n      <span class='bde-checkmark-list__icon bde-checkmark-list__icon_yes  bg-yes'>\n                  <svg xmlns=\"http:\/\/www.w3.org\/2000\/svg\" viewbox=\"0 0 24 24\"><path d=\"M18.71,7.21a1,1,0,0,0-1.42,0L9.84,14.67,6.71,11.53A1,1,0,1,0,5.29,13l3.84,3.84a1,1,0,0,0,1.42,0l8.16-8.16A1,1,0,0,0,18.71,7.21Z\"\/><\/svg>\n              <\/span>\n      <div >\n        Filtrer visning basert p\u00e5 rode eller oppgavetype\n      <\/div>\n\n    <\/li>\n\n  \n              \n              \n    <li>\n      <span class='bde-checkmark-list__icon bde-checkmark-list__icon_yes  bg-yes'>\n                  <svg xmlns=\"http:\/\/www.w3.org\/2000\/svg\" viewbox=\"0 0 24 24\"><path d=\"M18.71,7.21a1,1,0,0,0-1.42,0L9.84,14.67,6.71,11.53A1,1,0,1,0,5.29,13l3.84,3.84a1,1,0,0,0,1.42,0l8.16-8.16A1,1,0,0,0,18.71,7.21Z\"\/><\/svg>\n              <\/span>\n      <div >\n        Filtrer p\u00e5 tidsintervall\n      <\/div>\n\n    <\/li>\n\n  \n              \n              \n    <li>\n      <span class='bde-checkmark-list__icon bde-checkmark-list__icon_yes  bg-yes'>\n                  <svg xmlns=\"http:\/\/www.w3.org\/2000\/svg\" viewbox=\"0 0 24 24\"><path d=\"M18.71,7.21a1,1,0,0,0-1.42,0L9.84,14.67,6.71,11.53A1,1,0,1,0,5.29,13l3.84,3.84a1,1,0,0,0,1.42,0l8.16-8.16A1,1,0,0,0,18.71,7.21Z\"\/><\/svg>\n              <\/span>\n      <div >\n        Kartlag som viser trafikk-kameraer, som gir visuell veistatus\n      <\/div>\n\n    <\/li>\n\n  \n              \n              \n    <li>\n      <span class='bde-checkmark-list__icon bde-checkmark-list__icon_yes  bg-yes'>\n                  <svg xmlns=\"http:\/\/www.w3.org\/2000\/svg\" viewbox=\"0 0 24 24\"><path d=\"M18.71,7.21a1,1,0,0,0-1.42,0L9.84,14.67,6.71,11.53A1,1,0,1,0,5.29,13l3.84,3.84a1,1,0,0,0,1.42,0l8.16-8.16A1,1,0,0,0,18.71,7.21Z\"\/><\/svg>\n              <\/span>\n      <div >\n        Kartlag med flyfoto\n      <\/div>\n\n    <\/li>\n\n  <\/ul>\n\n<\/div><div class=\"bde-button-1026-116 bde-button\">\n    \n                        \n                        \n    \n    \n    \n    \n            \n                    \n            \n            \n\n    \n    \n    \n    \n    \n    <a class=\"breakdance-link button-atom button-atom--custom bde-button__button\" href=\"https:\/\/smartdok.se\/kontakta-oss\/\" target=\"_blank\" data-type=\"url\" rel=\"noopener\">\n\n    \n        <span class=\"button-atom__text\">Bestill AutoReg i dag<\/span>\n\n        \n        \n                <\/a>\n\n    \n\n\n<\/div>\n<\/div><\/div><\/div>\n<\/section>","protected":false},"excerpt":{"rendered":"<p>Livekart Med Livekart kan du f\u00f8lge sj\u00e5f\u00f8renes posisjon og fremdrift i sanntid, noe som gir full oversikt over oppgaver og optimaliserer ressursbruken. Dette gir deg umiddelbar innsikt for bedre beslutninger og mer effektiv styring av mannskap. Se sj\u00e5f\u00f8rene i kartet Fargekoder for \u00e5 vise hva som arbeides med, og n\u00e5r en oppgave ble fullf\u00f8rt Filtrer [&hellip;]<\/p>\n","protected":false},"author":1,"featured_media":0,"parent":262,"menu_order":0,"comment_status":"closed","ping_status":"closed","template":"","meta":{"_breakdance_hide_in_design_set":false,"_breakdance_tags":"","footnotes":""},"class_list":["post-1026","page","type-page","status-publish","hentry"],"_links":{"self":[{"href":"https:\/\/autoreg.io\/sv\/wp-json\/wp\/v2\/pages\/1026","targetHints":{"allow":["GET"]}}],"collection":[{"href":"https:\/\/autoreg.io\/sv\/wp-json\/wp\/v2\/pages"}],"about":[{"href":"https:\/\/autoreg.io\/sv\/wp-json\/wp\/v2\/types\/page"}],"author":[{"embeddable":true,"href":"https:\/\/autoreg.io\/sv\/wp-json\/wp\/v2\/users\/1"}],"replies":[{"embeddable":true,"href":"https:\/\/autoreg.io\/sv\/wp-json\/wp\/v2\/comments?post=1026"}],"version-history":[{"count":10,"href":"https:\/\/autoreg.io\/sv\/wp-json\/wp\/v2\/pages\/1026\/revisions"}],"predecessor-version":[{"id":1039,"href":"https:\/\/autoreg.io\/sv\/wp-json\/wp\/v2\/pages\/1026\/revisions\/1039"}],"up":[{"embeddable":true,"href":"https:\/\/autoreg.io\/sv\/wp-json\/wp\/v2\/pages\/262"}],"wp:attachment":[{"href":"https:\/\/autoreg.io\/sv\/wp-json\/wp\/v2\/media?parent=1026"}],"curies":[{"name":"wp","href":"https:\/\/api.w.org\/{rel}","templated":true}]}}