{"id":28,"date":"2022-11-21T11:27:08","date_gmt":"2022-11-21T10:27:08","guid":{"rendered":"https:\/\/web.broytekontroll.no\/?page_id=28"},"modified":"2026-03-17T00:13:00","modified_gmt":"2026-03-16T23:13:00","slug":"salespage","status":"publish","type":"page","link":"https:\/\/autoreg.io\/sv\/","title":{"rendered":"Salespage"},"content":{"rendered":"<section class=\"bde-section-28-100 bde-section\">\n              \n  \n  \n\t    \n      <div class=\"section-background-video\">\n              <video\n          autoplay\n muted\n playsinline\n loop\n>\n        <source src=\"https:\/\/autoreg.io\/wp-content\/uploads\/2023\/12\/VideoBG.mp4\" type=\"video\/mp4\" \/>\n      <\/video>\n      <\/div>\n\n\n  <div class=\"section-background-overlay\"><\/div>\n\n\n<div class=\"section-container\"><div class=\"bde-text-28-103 bde-text\">\nledande driftl\u00f6sning \u2013 anv\u00e4nds av 4 000+ \u00e5ret runt\n<\/div><h1 class=\"bde-heading-28-101 bde-heading translation-block\">F\u00e5 kontroll med<br>AutoReg!<\/h1><div class=\"bde-text-28-169 bde-text\">\nAutoReg samlar planering, GPS-sp\u00e5rning och fakturering i en och samma l\u00f6sning. Oavsett om du plogar p\u00e5 vintern eller klipper p\u00e5 sommaren \u2013 appen loggar allt automatiskt, och du fakturerar med ett klick.\n<\/div><div class=\"bde-div-28-187 bde-div\">\n  \n  \n\t\n\n\n\n<div id=\"try_for_free\" class=\"bde-button-28-102 bde-button buttonBlack\">\n        \n    \n    \n    \n    \n            \n                    \n            \n            \n\n    \n    \n    \n    \n    \n    <a class=\"breakdance-link button-atom button-atom--primary bde-button__button\" href=\"https:\/\/smartdok.se\/kontakta-oss\/\" target=\"_blank\" data-type=\"url\" rel=\"noopener\">\n\n    \n        <span class=\"button-atom__text\">\u00d6nskar du demo? Vi kontaktar dig.<\/span>\n\n        \n        \n                <\/a>\n\n    \n\n\n<\/div>\n<\/div><\/div>\n<\/section><section class=\"bde-section-28-104 bde-section flex-reverse\">\n  \n  \n\t\n\n\n\n<div class=\"section-container\"><div class=\"bde-div-28-170 bde-div\">\n  \n  \n\t\n\n\n\n<div class=\"bde-text-28-105 bde-text\" data-entrance=\"slideUp\">\nVad \u00e4r Autoreg?\n<\/div><h2 class=\"bde-heading-28-106 bde-heading\" data-entrance=\"slideUp\">\nEtt modernt system som ger dig full kontroll.\n<\/h2><div class=\"bde-text-28-107 bde-text\" data-entrance=\"slideUp\">\nAutoReg \u00e4r det moderna verktyget som ger dig total kontroll. Med v\u00e5rt system f\u00e5r du enkel \u00f6versikt \u00f6ver hela f\u00f6retagets vinterunderh\u00e5ll. Kolla in v\u00e5ra funktioner:\n<\/div><div class=\"bde-checkmark-list-28-108 bde-checkmark-list\" data-entrance=\"slideUp\">\n<ul>\n  \n              \n              \n    <li>\n      <span class='bde-checkmark-list__icon bde-checkmark-list__icon_yes'>\n                  <svg xmlns=\"http:\/\/www.w3.org\/2000\/svg\" viewbox=\"0 0 512 512\"><!-- Font Awesome Free 5.15.1 by @fontawesome - https:\/\/fontawesome.com License - https:\/\/fontawesome.com\/license\/free (Icons: CC BY 4.0, Fonts: SIL OFL 1.1, Code: MIT License) --><path d=\"M504 256c0 136.967-111.033 248-248 248S8 392.967 8 256 119.033 8 256 8s248 111.033 248 248zM227.314 387.314l184-184c6.248-6.248 6.248-16.379 0-22.627l-22.627-22.627c-6.248-6.249-16.379-6.249-22.628 0L216 308.118l-70.059-70.059c-6.248-6.248-16.379-6.248-22.628 0l-22.627 22.627c-6.248 6.248-6.248 16.379 0 22.627l104 104c6.249 6.249 16.379 6.249 22.628.001z\"\/><\/svg>\n              <\/span>\n      <div class=\"translation-block\" ><b>Planeringsmodul:<\/b> S\u00e4tt upp sn\u00f6r\u00f6jningsrundor och uppgifter med l\u00e4tthet.<\/div>\n\n    <\/li>\n\n  \n              \n              \n    <li>\n      <span class='bde-checkmark-list__icon bde-checkmark-list__icon_yes'>\n                  <svg xmlns=\"http:\/\/www.w3.org\/2000\/svg\" viewbox=\"0 0 512 512\"><!-- Font Awesome Free 5.15.1 by @fontawesome - https:\/\/fontawesome.com License - https:\/\/fontawesome.com\/license\/free (Icons: CC BY 4.0, Fonts: SIL OFL 1.1, Code: MIT License) --><path d=\"M504 256c0 136.967-111.033 248-248 248S8 392.967 8 256 119.033 8 256 8s248 111.033 248 248zM227.314 387.314l184-184c6.248-6.248 6.248-16.379 0-22.627l-22.627-22.627c-6.248-6.249-16.379-6.249-22.628 0L216 308.118l-70.059-70.059c-6.248-6.248-16.379-6.248-22.628 0l-22.627 22.627c-6.248 6.248-6.248 16.379 0 22.627l104 104c6.249 6.249 16.379 6.249 22.628.001z\"\/><\/svg>\n              <\/span>\n      <div class=\"translation-block\" ><b>Sn\u00f6r\u00f6jar-app<\/b>: Visar rutter och loggar all arbetsinsats.<\/div>\n\n    <\/li>\n\n  \n              \n              \n    <li>\n      <span class='bde-checkmark-list__icon bde-checkmark-list__icon_yes'>\n                  <svg xmlns=\"http:\/\/www.w3.org\/2000\/svg\" viewbox=\"0 0 512 512\"><!-- Font Awesome Free 5.15.1 by @fontawesome - https:\/\/fontawesome.com License - https:\/\/fontawesome.com\/license\/free (Icons: CC BY 4.0, Fonts: SIL OFL 1.1, Code: MIT License) --><path d=\"M504 256c0 136.967-111.033 248-248 248S8 392.967 8 256 119.033 8 256 8s248 111.033 248 248zM227.314 387.314l184-184c6.248-6.248 6.248-16.379 0-22.627l-22.627-22.627c-6.248-6.249-16.379-6.249-22.628 0L216 308.118l-70.059-70.059c-6.248-6.248-16.379-6.248-22.628 0l-22.627 22.627c-6.248 6.248-6.248 16.379 0 22.627l104 104c6.249 6.249 16.379 6.249 22.628.001z\"\/><\/svg>\n              <\/span>\n      <div class=\"translation-block\" ><b>Integration med redovisningssystem:<\/b> Snabb och enkel fakturering.<\/div>\n\n    <\/li>\n\n  <\/ul>\n\n<\/div>\n<\/div><div class=\"bde-image-28-109 bde-image\" data-parallax=\"true\">\n<figure class=\"breakdance-image breakdance-image--1056\">\n\t<div class=\"breakdance-image-container\">\n\t\t<div class=\"breakdance-image-clip\"><img loading=\"lazy\" decoding=\"async\" class=\"breakdance-image-object\" src=\"https:\/\/autoreg.io\/wp-content\/uploads\/2025\/01\/App.png\" width=\"753\" height=\"1018\" srcset=\"https:\/\/autoreg.io\/wp-content\/uploads\/2025\/01\/App.png 753w, https:\/\/autoreg.io\/wp-content\/uploads\/2025\/01\/App-222x300.png 222w, https:\/\/autoreg.io\/wp-content\/uploads\/2025\/01\/App-9x12.png 9w\" sizes=\"auto, (max-width: 753px) 100vw, 753px\"><\/div>\n\t<\/div><\/figure>\n\n<\/div><\/div>\n<\/section><section class=\"bde-section-28-110 bde-section\">\n  \n  \n\t\n\n\n\n<div class=\"section-container\"><div class=\"bde-div-28-111 bde-div\">\n              \n  \n  \n\t\n\n\n\n<div class=\"bde-image-28-115 bde-image\">\n<figure class=\"breakdance-image breakdance-image--682 breakdance-image--caption-below\">\n\t<div class=\"breakdance-image-container\">\n\t\t<div class=\"breakdance-image-clip\"><img loading=\"lazy\" decoding=\"async\" class=\"breakdance-image-object\" src=\"https:\/\/autoreg.io\/wp-content\/uploads\/2023\/12\/logo_symbol_white.png\" width=\"512\" height=\"512\" srcset=\"https:\/\/autoreg.io\/wp-content\/uploads\/2023\/12\/logo_symbol_white.png 512w, https:\/\/autoreg.io\/wp-content\/uploads\/2023\/12\/logo_symbol_white-300x300.png 300w, https:\/\/autoreg.io\/wp-content\/uploads\/2023\/12\/logo_symbol_white-150x150.png 150w, https:\/\/autoreg.io\/wp-content\/uploads\/2023\/12\/logo_symbol_white-12x12.png 12w\" sizes=\"auto, (max-width: 512px) 100vw, 512px\"><\/div>\n\t<\/div><\/figure>\n\n<\/div><div class=\"bde-text-28-112 bde-text\" data-entrance=\"slideUp\">\nTYDLIGT OCH ENKELT\n<\/div><h2 class=\"bde-heading-28-113 bde-heading\" data-entrance=\"slideUp\">\nPlanering och fakturering p\u00e5 samma plats<br>\n<\/h2><div class=\"bde-text-28-189 bde-text\" data-entrance=\"slideUp\">\nPlanering och fakturering p\u00e5 samma plats<br>\n<\/div><div class=\"bde-text-28-114 bde-text\" data-entrance=\"slideUp\">\nAllt du beh\u00f6ver f\u00f6r planering och fakturering p\u00e5 ett st\u00e4lle! Med AutoReg har du full kontroll \u00f6ver sn\u00f6r\u00f6jningsrundorna, med detaljer om tid, distans och antal sn\u00f6r\u00f6jningar. V\u00e5r integration med PowerOffice g\u00f6r fakturering till en lek.\n<\/div>\n<\/div><\/div>\n<\/section><section class=\"bde-section-28-117 bde-section\">\n  \n  \n\t\n\n\n\n<div class=\"section-container\"><div class=\"bde-video-28-190 bde-video\">\n<div class=\"ee-video-container\">\n                                                                            \n                                \n                <iframe\n                        class=\"ee-video lozad\"\n                title=\"\"\n                                data-src=\"https:\/\/www.youtube-nocookie.com\/embed\/gbrmPrQPUQQ?feature=oembed&controls=0&autoplay=1&mute=1&modestbranding=1&rel=0&playlist=gbrmPrQPUQQ&loop=1&enablejsapi=1\"\n                frameborder=\"0\"\n                allow=\"accelerometer; autoplay; clipboard-write; encrypted-media; gyroscope; picture-in-picture\"\n                allowfullscreen>\n                <\/iframe>\n                    \n        \n            \n    <\/div>\n\n<\/div><\/div>\n<\/section><section class=\"bde-section-28-119 bde-section\">\n  \n  \n\t\n\n\n\n<div class=\"section-container\"><div class=\"bde-div-28-120 bde-div\">\n  \n  \n\t\n\n\n\n<div class=\"bde-image-28-122 bde-image\">\n<figure class=\"breakdance-image breakdance-image--70\">\n\t<div class=\"breakdance-image-container\">\n\t\t<div class=\"breakdance-image-clip\"><img loading=\"lazy\" decoding=\"async\" class=\"breakdance-image-object\" src=\"https:\/\/autoreg.io\/wp-content\/uploads\/2022\/11\/broytapp.png\" width=\"3000\" height=\"4000\" srcset=\"https:\/\/autoreg.io\/wp-content\/uploads\/2022\/11\/broytapp.png 3000w, https:\/\/autoreg.io\/wp-content\/uploads\/2022\/11\/broytapp-225x300.png 225w, https:\/\/autoreg.io\/wp-content\/uploads\/2022\/11\/broytapp-768x1024.png 768w, https:\/\/autoreg.io\/wp-content\/uploads\/2022\/11\/broytapp-1152x1536.png 1152w, https:\/\/autoreg.io\/wp-content\/uploads\/2022\/11\/broytapp-1536x2048.png 1536w\" sizes=\"auto, (max-width: 3000px) 100vw, 3000px\"><\/div>\n\t<\/div><\/figure>\n\n<\/div>\n<\/div><div class=\"bde-div-28-121 bde-div\">\n  \n  \n\t\n\n\n\n<div class=\"bde-text-28-123 bde-text\" data-entrance=\"slideUp\">\nSynkroniserad<br>\n<\/div><h1 class=\"bde-heading-28-124 bde-heading\" data-entrance=\"slideUp\">\nEgen app for sn\u00f6r\u00f6jare\n<\/h1><div class=\"bde-text-28-125 bde-text\" data-entrance=\"slideUp\">\nF\u00f6rarna f\u00e5r sin egen app f\u00f6r enkelhet p\u00e5 v\u00e4gen. Live-uppdateringar l\u00e5ter dig logga arbete automatiskt, ha \u00f6versikt \u00f6ver rutter och hantera hinder. Uppgiftsstatus uppdateras i realtid f\u00f6r s\u00f6ml\u00f6s kommunikation med driftoperat\u00f6r.\n<\/div><div class=\"bde-text-28-126 bde-text\" data-entrance=\"slideUp\">\nUppgiftsstatus uppdateras i realtid f\u00f6r s\u00f6ml\u00f6s kommunikation med driftoperat\u00f6ren.\n<\/div><div class=\"bde-div-28-127 bde-div\" data-entrance=\"slideUp\">\n  \n  \n\t\n\n\n\n<a class=\"bde-container-link-28-128 bde-container-link breakdance-link\" href=\"https:\/\/apps.apple.com\/us\/app\/br%C3%B8ytekontroll\/id6443903513\" target=\"_blank\" data-type=\"url\" rel=\"noopener\">\n  \n  \n\t\n\n\n\n<div class=\"bde-icon-28-129 bde-icon\">\n\n    \n            <div class=\"bde-icon-icon breakdance-icon-atom\" >\n    \n                    <svg xmlns=\"http:\/\/www.w3.org\/2000\/svg\" width=\"51\" height=\"61\" viewbox=\"0 0 51 61\" fill=\"none\">\n<path d=\"M42.64 32.2351C42.6129 27.2371 44.8621 23.4648 49.4147 20.6866C46.8674 17.0232 43.0194 15.0076 37.9384 14.6127C33.1283 14.2314 27.8711 17.4317 25.9471 17.4317C23.9147 17.4317 19.2537 14.7489 15.5954 14.7489C8.0348 14.8715 0 20.8091 0 32.8888C0 36.4569 0.650372 40.1429 1.95112 43.9471C3.68544 48.9451 9.94527 61.2018 16.4761 60.9975C19.8905 60.9158 22.3023 58.5598 26.7465 58.5598C31.0553 58.5598 33.2909 60.9975 37.0983 60.9975C43.6833 60.9021 49.347 49.7622 51 44.7505C42.1658 40.5697 42.64 32.4939 42.64 32.2351ZM34.971 9.87345C38.67 5.46104 38.3313 1.44357 38.2229 0C34.9575 0.19066 31.1772 2.23344 29.0228 4.75287C26.6517 7.44935 25.2561 10.7859 25.5542 14.5446C29.0906 14.817 32.3154 12.9921 34.971 9.87345Z\" fill=\"#DD6B20\"\/>\n<\/svg>\n        \n        \n        \n            <\/div>\n    \n\n\n<\/div><div class=\"bde-text-28-130 bde-text\">\nLadda ner fr\u00e5n App Store\n<\/div>\n\n<\/a><div class=\"bde-div-28-131 bde-div\">\n  \n  \n\t\n\n\n\n<div class=\"bde-icon-28-132 bde-icon\">\n\n    \n                    \n            \n            \n\n    \n    \n    \n    \n    \n    <a class=\"breakdance-link bde-icon-icon breakdance-icon-atom\" href=\"https:\/\/play.google.com\/store\/apps\/details?id=no.iotek.broytekontroll&amp;gl=NO\" target=\"_blank\" data-type=\"url\" rel=\"noopener\">\n\n    \n                    <svg xmlns=\"http:\/\/www.w3.org\/2000\/svg\" width=\"50\" height=\"54\" viewbox=\"0 0 50 54\" fill=\"none\">\n<path d=\"M32.309 24.7113L9.03201 1.37109L38.6476 18.3727L32.309 24.7113ZM2.95701 0C1.58591 0.717188 0.668335 2.025 0.668335 3.72305V50.2664C0.668335 51.9645 1.58591 53.2723 2.95701 53.9895L30.0203 26.9895L2.95701 0ZM47.8023 23.7938L41.5902 20.1973L34.6609 27L41.5902 33.8027L47.9289 30.2063C49.8273 28.698 49.8273 25.302 47.8023 23.7938ZM9.03201 52.6289L38.6476 35.6273L32.309 29.2887L9.03201 52.6289Z\" fill=\"#DD6B20\"\/>\n<\/svg>\n        \n        \n        \n                <\/a>\n\n    \n\n\n<\/div><div class=\"bde-text-28-133 bde-text\">\nLadda ner fr\u00e5n Play Store\n<\/div>\n<\/div>\n<\/div>\n<\/div><\/div>\n<\/section><section class=\"bde-section-28-134 bde-section\">\n  \n  \n\t\n\n\n\n<div class=\"section-container\"><div class=\"bde-div-28-146 bde-div\">\n  \n  \n\t\n\n\n\n<div class=\"bde-text-28-150 bde-text\">\n01\n<\/div><div class=\"bde-image-28-136 bde-image\">\n<figure class=\"breakdance-image breakdance-image--84\">\n\t<div class=\"breakdance-image-container\">\n\t\t<div class=\"breakdance-image-clip\"><img loading=\"lazy\" decoding=\"async\" class=\"breakdance-image-object\" src=\"https:\/\/autoreg.io\/wp-content\/uploads\/2022\/11\/register2.png\" width=\"2252\" height=\"2047\" srcset=\"https:\/\/autoreg.io\/wp-content\/uploads\/2022\/11\/register2.png 2252w, https:\/\/autoreg.io\/wp-content\/uploads\/2022\/11\/register2-300x273.png 300w, https:\/\/autoreg.io\/wp-content\/uploads\/2022\/11\/register2-1024x931.png 1024w, https:\/\/autoreg.io\/wp-content\/uploads\/2022\/11\/register2-768x698.png 768w, https:\/\/autoreg.io\/wp-content\/uploads\/2022\/11\/register2-1536x1396.png 1536w, https:\/\/autoreg.io\/wp-content\/uploads\/2022\/11\/register2-2048x1862.png 2048w\" sizes=\"auto, (max-width: 2252px) 100vw, 2252px\"><\/div>\n\t<\/div><\/figure>\n\n<\/div><div class=\"bde-div-28-149 bde-div\">\n  \n  \n\t\n\n\n\n<h1 class=\"bde-heading-28-145 bde-heading\" data-entrance=\"slideUp\">\nRegistrera rutterna\n<\/h1><div class=\"bde-text-28-147 bde-text\" data-entrance=\"slideUp\">\nAnv\u00e4nd v\u00e5r moderna kartl\u00f6sning p\u00e5 PC eller Mac f\u00f6r enkel planering.\n<\/div>\n<\/div>\n<\/div><div class=\"bde-div-28-151 bde-div\">\n  \n  \n\t\n\n\n\n<div class=\"bde-text-28-152 bde-text\">\n02\n<\/div><div class=\"bde-div-28-154 bde-div\">\n  \n  \n\t\n\n\n\n<h1 class=\"bde-heading-28-155 bde-heading\" data-entrance=\"slideUp\">\nSn\u00f6r\u00f6jning i Appen\n<\/h1><div class=\"bde-text-28-156 bde-text\" data-entrance=\"slideUp\">\nFull \u00f6versikt \u00f6ver uppgifterna, sorterade efter avst\u00e5nd, med start- och stopptid samt GPS-position.\n<\/div>\n<\/div><div class=\"bde-image-28-153 bde-image\">\n<figure class=\"breakdance-image breakdance-image--85\">\n\t<div class=\"breakdance-image-container\">\n\t\t<div class=\"breakdance-image-clip\"><img loading=\"lazy\" decoding=\"async\" class=\"breakdance-image-object\" src=\"https:\/\/autoreg.io\/wp-content\/uploads\/2022\/11\/broyt.png\" width=\"446\" height=\"628\" srcset=\"https:\/\/autoreg.io\/wp-content\/uploads\/2022\/11\/broyt.png 446w, https:\/\/autoreg.io\/wp-content\/uploads\/2022\/11\/broyt-213x300.png 213w\" sizes=\"auto, (max-width: 446px) 100vw, 446px\"><\/div>\n\t<\/div><\/figure>\n\n<\/div>\n<\/div><div class=\"bde-div-28-157 bde-div\">\n  \n  \n\t\n\n\n\n<div class=\"bde-text-28-158 bde-text\">\n03\n<\/div><div class=\"bde-image-28-159 bde-image\">\n<figure class=\"breakdance-image breakdance-image--96\">\n\t<div class=\"breakdance-image-container\">\n\t\t<div class=\"breakdance-image-clip\"><img loading=\"lazy\" decoding=\"async\" class=\"breakdance-image-object\" src=\"https:\/\/autoreg.io\/wp-content\/uploads\/2022\/11\/faktura.png\" width=\"3232\" height=\"3628\" srcset=\"https:\/\/autoreg.io\/wp-content\/uploads\/2022\/11\/faktura.png 3232w, https:\/\/autoreg.io\/wp-content\/uploads\/2022\/11\/faktura-267x300.png 267w, https:\/\/autoreg.io\/wp-content\/uploads\/2022\/11\/faktura-912x1024.png 912w, https:\/\/autoreg.io\/wp-content\/uploads\/2022\/11\/faktura-768x862.png 768w, https:\/\/autoreg.io\/wp-content\/uploads\/2022\/11\/faktura-1368x1536.png 1368w, https:\/\/autoreg.io\/wp-content\/uploads\/2022\/11\/faktura-1824x2048.png 1824w\" sizes=\"auto, (max-width: 3232px) 100vw, 3232px\"><\/div>\n\t<\/div><\/figure>\n\n<\/div><div class=\"bde-div-28-160 bde-div\">\n  \n  \n\t\n\n\n\n<h1 class=\"bde-heading-28-161 bde-heading\" data-entrance=\"slideUp\">\nFakturera med ett klick\n<\/h1><div class=\"bde-text-28-162 bde-text\" data-entrance=\"slideUp\">\nAll n\u00f6dv\u00e4ndig information \u00e4r loggad s\u00e5 att du kan \ngenerera faktura med ett enda klick.\n<\/div>\n<\/div>\n<\/div><\/div>\n<\/section>","protected":false},"excerpt":{"rendered":"<p>ledende driftsl\u00f8sning \u2013 brukt av 4 000+ hele \u00e5ret Ha kontroll med AutoReg! AutoReg samler planlegging, GPS-sporing og fakturering i \u00e9n l\u00f8sning. Enten du br\u00f8yter om vinteren eller klipper om sommeren \u2013 appen logger alt automatisk, og du fakturerer med ett klikk. \u00d8nsker du demo? Vi kontakter deg Hva er AUTOREG? Et moderne system som [&hellip;]<\/p>\n","protected":false},"author":1,"featured_media":0,"parent":0,"menu_order":0,"comment_status":"closed","ping_status":"closed","template":"","meta":{"_breakdance_hide_in_design_set":false,"_breakdance_tags":"","footnotes":""},"class_list":["post-28","page","type-page","status-publish","hentry"],"_links":{"self":[{"href":"https:\/\/autoreg.io\/sv\/wp-json\/wp\/v2\/pages\/28","targetHints":{"allow":["GET"]}}],"collection":[{"href":"https:\/\/autoreg.io\/sv\/wp-json\/wp\/v2\/pages"}],"about":[{"href":"https:\/\/autoreg.io\/sv\/wp-json\/wp\/v2\/types\/page"}],"author":[{"embeddable":true,"href":"https:\/\/autoreg.io\/sv\/wp-json\/wp\/v2\/users\/1"}],"replies":[{"embeddable":true,"href":"https:\/\/autoreg.io\/sv\/wp-json\/wp\/v2\/comments?post=28"}],"version-history":[{"count":198,"href":"https:\/\/autoreg.io\/sv\/wp-json\/wp\/v2\/pages\/28\/revisions"}],"predecessor-version":[{"id":1086,"href":"https:\/\/autoreg.io\/sv\/wp-json\/wp\/v2\/pages\/28\/revisions\/1086"}],"wp:attachment":[{"href":"https:\/\/autoreg.io\/sv\/wp-json\/wp\/v2\/media?parent=28"}],"curies":[{"name":"wp","href":"https:\/\/api.w.org\/{rel}","templated":true}]}}