{"id":381,"date":"2023-09-19T20:01:13","date_gmt":"2023-09-19T18:01:13","guid":{"rendered":"https:\/\/broytekontroll.no\/?page_id=381"},"modified":"2024-01-25T13:47:16","modified_gmt":"2024-01-25T12:47:16","slug":"kontakt-oss-i-dag","status":"publish","type":"page","link":"https:\/\/autoreg.io\/sv\/kontakt-oss-i-dag\/","title":{"rendered":"Pr\u00f8v Autoreg"},"content":{"rendered":"<section class=\"bde-section-381-108 bde-section\">\n              \n  \n  \n\t    \n      <div class=\"section-background-video\">\n              <video\n          autoplay\n muted\n loop\n poster=\"https:\/\/autoreg.io\/wp-content\/uploads\/2022\/11\/Slowmo-m4v-image.jpg\"\n                >\n        <source src=\"https:\/\/autoreg.io\/wp-content\/uploads\/2023\/12\/VideoBG.mp4\" type=\"video\/mp4\" \/>\n      <\/video>\n      <\/div>\n\n\n  <div class=\"section-background-overlay\"><\/div>\n\n\n<div class=\"section-container\"><h1 class=\"bde-heading-381-101 bde-heading\">\nKontakt f\u00f6r demo och pris\n<\/h1><div class=\"bde-text-381-102 bde-text\">\nAutoReg \u00e4r klar f\u00f6r vintern - \u00e4r du?\n<\/div><\/div>\n<\/section><section class=\"bde-section-381-161 bde-section\">\n  \n  \n\t\n\n\n\n<div class=\"section-container\"><div class=\"bde-rich-text-381-164 bde-rich-text breakdance-rich-text-styles\">\n<p>Fyll ut skjemaet nedenfor og en hyggelig selger fra SmartDok vil ta kontakt med deg i l\u00f8pet av kort tid<\/p>\n<\/div><div class=\"bde-code-block-381-162 bde-code-block\">\n\n  <script charset=\"utf-8\" type=\"text\/javascript\" src=\"\/\/js.hsforms.net\/forms\/embed\/v2.js\"><\/script>\n\n  \n  <script>\n  hbspt.forms.create({\n    region: \"na1\",\n    portalId: \"2223169\",\n    formId: \"e7be09dd-2f08-40bc-bb31-4737ad95358b\"\n  });\n<\/script>\n  \n  \n\n\n<\/div><\/div>\n<\/section><section class=\"bde-section-381-155 bde-section\">\n  \n  \n\t\n\n\n\n<div class=\"section-container\"><h2 class=\"bde-heading-381-157 bde-heading\">\nH\u00e5lla ordning p\u00e5 sn\u00f6r\u00f6jningsuppgifterna\n<\/h2><div class=\"bde-rich-text-381-154 bde-rich-text breakdance-rich-text-styles\">\n<p>Hej d\u00e4r! Har du sv\u00e5rt att h\u00e5lla ordning p\u00e5 sn\u00f6r\u00f6jningsuppgifterna? D\u00e5 \u00e4r AutoReg din nya b\u00e4sta v\u00e4n! Med v\u00e5r smarta app blir sn\u00f6r\u00f6jningsjobbet supersmidigt och stressfritt.<\/p>\n<p><strong>Varf\u00f6r AutoReg?<\/strong><\/p>\n<p>\u2705 <strong>Rita p\u00e5 kartan:<\/strong> Du beh\u00f6ver inte vara datageni! Rita bara sn\u00f6r\u00f6jningsomr\u00e5dena p\u00e5 kartan, s\u00e5 tar AutoReg hand om resten.<\/p>\n<p>\u2705 <strong>Se uppgifterna med en g\u00e5ng:\"<\/strong> Chauff\u00f6rerna f\u00e5r sina uppgifter p\u00e5 sina mobiler. P\u00e5 ett \u00f6gonblick vet de vad de ska g\u00f6ra. Slut p\u00e5 f\u00f6rvirringen!<\/p>\n<p>\u2705 <strong>Spara tid med automatisk tidsregistrering:<\/strong> Gl\u00f6m pappersarbete och klockslag! AutoReg fixar tidregistreringen \u00e5t dig.<\/p>\n<p>\u2705 <strong>Passar f\u00f6r alla:<\/strong> Oavsett om du har en sn\u00f6r\u00f6jningsbil eller en hel flotta, fungerar AutoReg f\u00f6r alla. Stor eller liten, vi har l\u00f6sningen f\u00f6r dig.<\/p>\n<p>\u2705 <strong>Hj\u00e4lp n\u00e4r du beh\u00f6ver det:<\/strong> Fr\u00e5gor? Vi finns alltid h\u00e4r f\u00f6r att hj\u00e4lpa. Kundservice som bryr sig om dig!<\/p>\n<p>G\u00f6r dig redo f\u00f6r en vinter utan stress! Med AutoReg blir sn\u00f6r\u00f6jningsjobbet enkelt och roligt. Prova det gratis idag, spara tid och f\u00e5 full kontroll!<\/p>\n<\/div><\/div>\n<\/section>","protected":false},"excerpt":{"rendered":"<p>Ta kontakt for demo og pris AutoReg er klar for vinteren &#8211; er du? Fyll ut skjemaet nedenfor og en hyggelig selger fra SmartDok vil ta kontakt med deg i l\u00f8pet av kort tid Ha orden p\u00e5 br\u00f8yteoppgavene Hei der! Sliter du med \u00e5 holde orden p\u00e5 br\u00f8yteoppgavene? Da er AutoReg din nye beste venn! [&hellip;]<\/p>\n","protected":false},"author":1,"featured_media":0,"parent":0,"menu_order":0,"comment_status":"closed","ping_status":"closed","template":"","meta":{"_breakdance_hide_in_design_set":false,"_breakdance_tags":"","footnotes":""},"class_list":["post-381","page","type-page","status-publish","hentry"],"_links":{"self":[{"href":"https:\/\/autoreg.io\/sv\/wp-json\/wp\/v2\/pages\/381","targetHints":{"allow":["GET"]}}],"collection":[{"href":"https:\/\/autoreg.io\/sv\/wp-json\/wp\/v2\/pages"}],"about":[{"href":"https:\/\/autoreg.io\/sv\/wp-json\/wp\/v2\/types\/page"}],"author":[{"embeddable":true,"href":"https:\/\/autoreg.io\/sv\/wp-json\/wp\/v2\/users\/1"}],"replies":[{"embeddable":true,"href":"https:\/\/autoreg.io\/sv\/wp-json\/wp\/v2\/comments?post=381"}],"version-history":[{"count":67,"href":"https:\/\/autoreg.io\/sv\/wp-json\/wp\/v2\/pages\/381\/revisions"}],"predecessor-version":[{"id":932,"href":"https:\/\/autoreg.io\/sv\/wp-json\/wp\/v2\/pages\/381\/revisions\/932"}],"wp:attachment":[{"href":"https:\/\/autoreg.io\/sv\/wp-json\/wp\/v2\/media?parent=381"}],"curies":[{"name":"wp","href":"https:\/\/api.w.org\/{rel}","templated":true}]}}